{"id":45,"date":"2014-10-02T20:15:59","date_gmt":"2014-10-02T20:15:59","guid":{"rendered":"http:\/\/www.excel-lent.org\/?page_id=45"},"modified":"2024-04-21T06:20:05","modified_gmt":"2024-04-21T06:20:05","slug":"excel-lent-players","status":"publish","type":"page","link":"https:\/\/www.excel-lent.org\/?page_id=45","title":{"rendered":"EXCEL-LENT PLAYERS"},"content":{"rendered":"<div id=\"pl-45\"  class=\"panel-layout\" ><div id=\"pg-45-0\"  class=\"panel-grid panel-no-style\" ><div id=\"pgc-45-0-0\"  class=\"panel-grid-cell\" ><div id=\"panel-45-0-0-0\" class=\"so-panel widget widget_text panel-first-child\" data-index=\"0\" ><h3 class=\"widget-title\">Lucio Canicchio<\/h3>\t\t\t<div class=\"textwidget\"><\/div>\n\t\t<\/div><div id=\"panel-45-0-0-1\" class=\"so-panel widget widget_sow-editor panel-last-child\" data-index=\"1\" ><div\n\t\t\t\n\t\t\tclass=\"so-widget-sow-editor so-widget-sow-editor-base\"\n\t\t\t\n\t\t>\n<div class=\"siteorigin-widget-tinymce textwidget\">\n\t<p><img decoding=\"async\" src=\"http:\/\/www.excel-lent.org\/wp-content\/uploads\/Canicchio.jpg\" \/><\/p>\n<\/div>\n<\/div><\/div><\/div><div id=\"pgc-45-0-1\"  class=\"panel-grid-cell\" ><div id=\"panel-45-0-1-0\" class=\"so-panel widget widget_text panel-first-child\" data-index=\"2\" ><h3 class=\"widget-title\">Antonio J. Cas\u00edn<\/h3>\t\t\t<div class=\"textwidget\"><\/div>\n\t\t<\/div><div id=\"panel-45-0-1-1\" class=\"so-panel widget widget_sow-editor panel-last-child\" data-index=\"3\" ><div\n\t\t\t\n\t\t\tclass=\"so-widget-sow-editor so-widget-sow-editor-base\"\n\t\t\t\n\t\t>\n<div class=\"siteorigin-widget-tinymce textwidget\">\n\t<p><img decoding=\"async\" src=\"http:\/\/www.excel-lent.org\/wp-content\/uploads\/CasinAnt.jpg\" \/><\/p>\n<\/div>\n<\/div><\/div><\/div><div id=\"pgc-45-0-2\"  class=\"panel-grid-cell\" ><div id=\"panel-45-0-2-0\" class=\"so-panel widget widget_text panel-first-child\" data-index=\"4\" ><h3 class=\"widget-title\">Carlos Flores<\/h3>\t\t\t<div class=\"textwidget\"><\/div>\n\t\t<\/div><div id=\"panel-45-0-2-1\" class=\"so-panel widget widget_sow-editor panel-last-child\" data-index=\"5\" ><div\n\t\t\t\n\t\t\tclass=\"so-widget-sow-editor so-widget-sow-editor-base\"\n\t\t\t\n\t\t>\n<div class=\"siteorigin-widget-tinymce textwidget\">\n\t<p><img decoding=\"async\" src=\"http:\/\/www.excel-lent.org\/wp-content\/uploads\/2014\/10\/FloresCarlos-310.jpg\" \/><\/p>\n<\/div>\n<\/div><\/div><\/div><div id=\"pgc-45-0-3\"  class=\"panel-grid-cell\" ><div id=\"panel-45-0-3-0\" class=\"so-panel widget widget_text panel-first-child\" data-index=\"6\" ><h3 class=\"widget-title\">David Gonz\u00e1lez<\/h3>\t\t\t<div class=\"textwidget\"><\/div>\n\t\t<\/div><div id=\"panel-45-0-3-1\" class=\"so-panel widget widget_sow-editor panel-last-child\" data-index=\"7\" ><div\n\t\t\t\n\t\t\tclass=\"so-widget-sow-editor so-widget-sow-editor-base\"\n\t\t\t\n\t\t>\n<div class=\"siteorigin-widget-tinymce textwidget\">\n\t<p><img decoding=\"async\" src=\"http:\/\/www.excel-lent.org\/wp-content\/uploads\/GonzalezDavid.jpg\" \/><\/p>\n<\/div>\n<\/div><\/div><\/div><\/div><div id=\"pg-45-1\"  class=\"panel-grid panel-no-style\" ><div id=\"pgc-45-1-0\"  class=\"panel-grid-cell\" ><div id=\"panel-45-1-0-0\" class=\"so-panel widget widget_text panel-first-child\" data-index=\"8\" ><h3 class=\"widget-title\">Joseph Kinrade<\/h3>\t\t\t<div class=\"textwidget\"><\/div>\n\t\t<\/div><div id=\"panel-45-1-0-1\" class=\"so-panel widget widget_sow-editor panel-last-child\" data-index=\"9\" ><div\n\t\t\t\n\t\t\tclass=\"so-widget-sow-editor so-widget-sow-editor-base\"\n\t\t\t\n\t\t>\n<div class=\"siteorigin-widget-tinymce textwidget\">\n\t<p><img loading=\"lazy\" decoding=\"async\" class=\"alignnone size-medium wp-image-1054\" src=\"http:\/\/www.excel-lent.org\/wp-content\/uploads\/JosephKinrade-300x231.jpg\" alt=\"\" width=\"300\" height=\"231\" srcset=\"https:\/\/www.excel-lent.org\/wp-content\/uploads\/JosephKinrade-300x231.jpg 300w, https:\/\/www.excel-lent.org\/wp-content\/uploads\/JosephKinrade.jpg 310w\" sizes=\"auto, (max-width: 300px) 100vw, 300px\" \/><\/p>\n<\/div>\n<\/div><\/div><\/div><div id=\"pgc-45-1-1\"  class=\"panel-grid-cell\" ><div id=\"panel-45-1-1-0\" class=\"so-panel widget widget_text panel-first-child\" data-index=\"10\" ><h3 class=\"widget-title\">Luis L\u00f3pez<\/h3>\t\t\t<div class=\"textwidget\"><\/div>\n\t\t<\/div><div id=\"panel-45-1-1-1\" class=\"so-panel widget widget_sow-editor panel-last-child\" data-index=\"11\" ><div\n\t\t\t\n\t\t\tclass=\"so-widget-sow-editor so-widget-sow-editor-base\"\n\t\t\t\n\t\t>\n<div class=\"siteorigin-widget-tinymce textwidget\">\n\t<p><img decoding=\"async\" src=\"http:\/\/www.excel-lent.org\/wp-content\/uploads\/LopezLuis.jpg\" \/><\/p>\n<\/div>\n<\/div><\/div><\/div><div id=\"pgc-45-1-2\"  class=\"panel-grid-cell\" ><div id=\"panel-45-1-2-0\" class=\"so-panel widget widget_text panel-first-child\" data-index=\"12\" ><h3 class=\"widget-title\">Miquel A. Mazzilli<\/h3>\t\t\t<div class=\"textwidget\"><\/div>\n\t\t<\/div><div id=\"panel-45-1-2-1\" class=\"so-panel widget widget_sow-editor panel-last-child\" data-index=\"13\" ><div\n\t\t\t\n\t\t\tclass=\"so-widget-sow-editor so-widget-sow-editor-base\"\n\t\t\t\n\t\t>\n<div class=\"siteorigin-widget-tinymce textwidget\">\n\t<p><img decoding=\"async\" src=\"http:\/\/www.excel-lent.org\/wp-content\/uploads\/2014\/10\/MazzilliMiquelAngelo-310.jpg\" \/><\/p>\n<\/div>\n<\/div><\/div><\/div><div id=\"pgc-45-1-3\"  class=\"panel-grid-cell\" ><div id=\"panel-45-1-3-0\" class=\"so-panel widget widget_text panel-first-child\" data-index=\"14\" ><h3 class=\"widget-title\">Luis Felipe M\u00e9ndez<\/h3>\t\t\t<div class=\"textwidget\"><\/div>\n\t\t<\/div><div id=\"panel-45-1-3-1\" class=\"so-panel widget widget_sow-editor panel-last-child\" data-index=\"15\" ><div\n\t\t\t\n\t\t\tclass=\"so-widget-sow-editor so-widget-sow-editor-base\"\n\t\t\t\n\t\t>\n<div class=\"siteorigin-widget-tinymce textwidget\">\n\t<p><img loading=\"lazy\" decoding=\"async\" class=\"size-medium wp-image-499\" src=\"http:\/\/www.excel-lent.org\/wp-content\/uploads\/LuisFMendez1-e1592034974323-300x300.jpg\" alt=\"\" width=\"300\" height=\"300\" srcset=\"https:\/\/www.excel-lent.org\/wp-content\/uploads\/LuisFMendez1-e1592034974323-300x300.jpg 300w, https:\/\/www.excel-lent.org\/wp-content\/uploads\/LuisFMendez1-e1592034974323-150x150.jpg 150w, https:\/\/www.excel-lent.org\/wp-content\/uploads\/LuisFMendez1-e1592034974323.jpg 309w\" sizes=\"auto, (max-width: 300px) 100vw, 300px\" \/><\/p>\n<\/div>\n<\/div><\/div><\/div><\/div><div id=\"pg-45-2\"  class=\"panel-grid panel-no-style\" ><div id=\"pgc-45-2-0\"  class=\"panel-grid-cell\" ><div id=\"panel-45-2-0-0\" class=\"so-panel widget widget_text panel-first-child\" data-index=\"16\" ><h3 class=\"widget-title\">Joseph Mifsud<\/h3>\t\t\t<div class=\"textwidget\"><\/div>\n\t\t<\/div><div id=\"panel-45-2-0-1\" class=\"so-panel widget widget_sow-editor panel-last-child\" data-index=\"17\" ><div\n\t\t\t\n\t\t\tclass=\"so-widget-sow-editor so-widget-sow-editor-base\"\n\t\t\t\n\t\t>\n<div class=\"siteorigin-widget-tinymce textwidget\">\n\t<p><img decoding=\"async\" src=\"http:\/\/www.excel-lent.org\/wp-content\/uploads\/2014\/10\/MifsudJoseph-310.jpg\" \/><\/p>\n<\/div>\n<\/div><\/div><\/div><div id=\"pgc-45-2-1\"  class=\"panel-grid-cell\" ><div id=\"panel-45-2-1-0\" class=\"so-panel widget widget_text panel-first-child\" data-index=\"18\" ><h3 class=\"widget-title\">Antonio Monta\u00f1o<\/h3>\t\t\t<div class=\"textwidget\"><\/div>\n\t\t<\/div><div id=\"panel-45-2-1-1\" class=\"so-panel widget widget_sow-editor panel-last-child\" data-index=\"19\" ><div\n\t\t\t\n\t\t\tclass=\"so-widget-sow-editor so-widget-sow-editor-base\"\n\t\t\t\n\t\t>\n<div class=\"siteorigin-widget-tinymce textwidget\">\n\t<p><img loading=\"lazy\" decoding=\"async\" class=\"size-medium wp-image-498\" src=\"http:\/\/www.excel-lent.org\/wp-content\/uploads\/AntMontano1-e1592034996661-300x300.jpg\" alt=\"\" width=\"300\" height=\"300\" srcset=\"https:\/\/www.excel-lent.org\/wp-content\/uploads\/AntMontano1-e1592034996661-300x300.jpg 300w, https:\/\/www.excel-lent.org\/wp-content\/uploads\/AntMontano1-e1592034996661-150x150.jpg 150w, https:\/\/www.excel-lent.org\/wp-content\/uploads\/AntMontano1-e1592034996661.jpg 309w\" sizes=\"auto, (max-width: 300px) 100vw, 300px\" \/><\/p>\n<\/div>\n<\/div><\/div><\/div><div id=\"pgc-45-2-2\"  class=\"panel-grid-cell\" ><div id=\"panel-45-2-2-0\" class=\"so-panel widget widget_text panel-first-child\" data-index=\"20\" ><h3 class=\"widget-title\">Juan Noguera<\/h3>\t\t\t<div class=\"textwidget\"><\/div>\n\t\t<\/div><div id=\"panel-45-2-2-1\" class=\"so-panel widget widget_sow-editor panel-last-child\" data-index=\"21\" ><div\n\t\t\t\n\t\t\tclass=\"so-widget-sow-editor so-widget-sow-editor-base\"\n\t\t\t\n\t\t>\n<div class=\"siteorigin-widget-tinymce textwidget\">\n\t<p><img decoding=\"async\" src=\"http:\/\/www.excel-lent.org\/wp-content\/uploads\/2014\/10\/NogueraJoan-310.jpg\" \/><\/p>\n<\/div>\n<\/div><\/div><\/div><div id=\"pgc-45-2-3\"  class=\"panel-grid-cell\" ><div id=\"panel-45-2-3-0\" class=\"so-panel widget widget_text panel-first-child\" data-index=\"22\" ><h3 class=\"widget-title\">Marco Perazzo<\/h3>\t\t\t<div class=\"textwidget\"><\/div>\n\t\t<\/div><div id=\"panel-45-2-3-1\" class=\"so-panel widget widget_sow-editor panel-last-child\" data-index=\"23\" ><div\n\t\t\t\n\t\t\tclass=\"so-widget-sow-editor so-widget-sow-editor-base\"\n\t\t\t\n\t\t>\n<div class=\"siteorigin-widget-tinymce textwidget\">\n\t<p><img decoding=\"async\" src=\"http:\/\/www.excel-lent.org\/wp-content\/uploads\/2014\/10\/PerazzoMarco-310.jpg\" \/><\/p>\n<\/div>\n<\/div><\/div><\/div><\/div><div id=\"pg-45-3\"  class=\"panel-grid panel-no-style\" ><div id=\"pgc-45-3-0\"  class=\"panel-grid-cell\" ><div id=\"panel-45-3-0-0\" class=\"so-panel widget widget_text panel-first-child\" data-index=\"24\" ><h3 class=\"widget-title\">Vicen\u00e7 Prats<\/h3>\t\t\t<div class=\"textwidget\"><\/div>\n\t\t<\/div><div id=\"panel-45-3-0-1\" class=\"so-panel widget widget_sow-editor panel-last-child\" data-index=\"25\" ><div\n\t\t\t\n\t\t\tclass=\"so-widget-sow-editor so-widget-sow-editor-base\"\n\t\t\t\n\t\t>\n<div class=\"siteorigin-widget-tinymce textwidget\">\n\t<p><img loading=\"lazy\" decoding=\"async\" class=\"size-medium wp-image-501\" src=\"http:\/\/www.excel-lent.org\/wp-content\/uploads\/VicencPrats1-e1592034955831-300x300.jpg\" alt=\"\" width=\"300\" height=\"300\" srcset=\"https:\/\/www.excel-lent.org\/wp-content\/uploads\/VicencPrats1-e1592034955831-300x300.jpg 300w, https:\/\/www.excel-lent.org\/wp-content\/uploads\/VicencPrats1-e1592034955831-150x150.jpg 150w, https:\/\/www.excel-lent.org\/wp-content\/uploads\/VicencPrats1-e1592034955831.jpg 309w\" sizes=\"auto, (max-width: 300px) 100vw, 300px\" \/><\/p>\n<\/div>\n<\/div><\/div><\/div><div id=\"pgc-45-3-1\"  class=\"panel-grid-cell panel-grid-cell-empty\" ><\/div><div id=\"pgc-45-3-2\"  class=\"panel-grid-cell panel-grid-cell-empty panel-grid-cell-mobile-last\" ><\/div><div id=\"pgc-45-3-3\"  class=\"panel-grid-cell panel-grid-cell-empty\" ><\/div><\/div><\/div>","protected":false},"excerpt":{"rendered":"<p>Lucio Canicchio Antonio J. Cas\u00edn Carlos Flores David Gonz\u00e1lez Joseph Kinrade Luis L\u00f3pez Miquel A. Mazzilli Luis Felipe M\u00e9ndez Joseph Mifsud Antonio Monta\u00f1o Juan Noguera Marco Perazzo Vicen\u00e7 Prats<\/p>\n","protected":false},"author":1,"featured_media":0,"parent":0,"menu_order":0,"comment_status":"closed","ping_status":"closed","template":"","meta":{"footnotes":""},"class_list":["post-45","page","type-page","status-publish","hentry"],"aioseo_notices":[],"_links":{"self":[{"href":"https:\/\/www.excel-lent.org\/index.php?rest_route=\/wp\/v2\/pages\/45","targetHints":{"allow":["GET"]}}],"collection":[{"href":"https:\/\/www.excel-lent.org\/index.php?rest_route=\/wp\/v2\/pages"}],"about":[{"href":"https:\/\/www.excel-lent.org\/index.php?rest_route=\/wp\/v2\/types\/page"}],"author":[{"embeddable":true,"href":"https:\/\/www.excel-lent.org\/index.php?rest_route=\/wp\/v2\/users\/1"}],"replies":[{"embeddable":true,"href":"https:\/\/www.excel-lent.org\/index.php?rest_route=%2Fwp%2Fv2%2Fcomments&post=45"}],"version-history":[{"count":22,"href":"https:\/\/www.excel-lent.org\/index.php?rest_route=\/wp\/v2\/pages\/45\/revisions"}],"predecessor-version":[{"id":1728,"href":"https:\/\/www.excel-lent.org\/index.php?rest_route=\/wp\/v2\/pages\/45\/revisions\/1728"}],"wp:attachment":[{"href":"https:\/\/www.excel-lent.org\/index.php?rest_route=%2Fwp%2Fv2%2Fmedia&parent=45"}],"curies":[{"name":"wp","href":"https:\/\/api.w.org\/{rel}","templated":true}]}}